{"id":57,"date":"2024-06-30T21:19:20","date_gmt":"2024-06-30T19:19:20","guid":{"rendered":"https:\/\/www.mamauxpirates.com\/?page_id=57"},"modified":"2024-07-17T09:40:17","modified_gmt":"2024-07-17T07:40:17","slug":"pres","status":"publish","type":"page","link":"https:\/\/www.mamauxpirates.com\/index.php\/pres\/","title":{"rendered":"Pr\u00e9sentation"},"content":{"rendered":"\n<h2 class=\"wp-block-heading has-large-font-size\"><strong>G\u00e9n\u00e9ral<\/strong>e<\/h2>\n\n\n\n<div style=\"height:29px\" aria-hidden=\"true\" class=\"wp-block-spacer\"><\/div>\n\n\n\n<p class=\"has-medium-font-size\">Maison qui se situe au 13 rue du coll\u00e8ge \u00e0 Estaires. Face au Parc Watine. <br>Agr\u00e9\u00e9e par la PMI (Protection Maternelle Infantile) sous statut associatif de la loi 1901. Il s&#8217;agit d&#8217;une maison de 110m2 enti\u00e8rement r\u00e9nov\u00e9e et am\u00e9nag\u00e9e avec du mat\u00e9riel adapt\u00e9 \u00e0 la petite enfance.<\/p>\n\n\n\n<p class=\"has-medium-font-size\">Il y a \u00e9galement un jardin de 200 m2 avec terrasse, poulailler, pelouse et petit coin potager.<\/p>\n\n\n\n<div style=\"height:29px\" aria-hidden=\"true\" class=\"wp-block-spacer\"><\/div>\n\n\n\n<h2 class=\"wp-block-heading has-large-font-size\"><strong>Qu&#8217;est qu&#8217;une MAM ? &#8211; D\u00e9l\u00e9gation d&#8217;accueil <\/strong><\/h2>\n\n\n\n<div style=\"height:29px\" aria-hidden=\"true\" class=\"wp-block-spacer\"><\/div>\n\n\n\n<p class=\"has-medium-font-size\">LA MAM est une <span style=\"text-decoration: underline;\"><strong>maison d&#8217;assistantes maternelles<\/strong><\/span> agr\u00e9\u00e9es d\u00e9di\u00e9e \u00e0 l&#8217;accueil du jeune enfant. Il s&#8217;agit donc d&#8217;un regroupement de plusieurs assistantes maternelles au sein d&#8217;un m\u00eame local. Chaque assistante maternelle peut accueillir jusqu&#8217;\u00e0 4 enfants. Nous pratiquons la d\u00e9l\u00e9gation d&#8217;accueil au sein de la MAM.<\/p>\n\n\n\n<p class=\"has-medium-font-size\">La d\u00e9l\u00e9gation d&#8217;accueil c&#8217;est la possibilit\u00e9 pour une assistante maternelle de se faire remplacer par une de ses coll\u00e8gues pour le contrat qu&#8217;elle a sign\u00e9 avec les parents.<\/p>\n\n\n\n<div style=\"height:29px\" aria-hidden=\"true\" class=\"wp-block-spacer\"><\/div>\n\n\n\n<h2 class=\"wp-block-heading has-large-font-size\"><strong>L&#8217;\u00e9quipe <\/strong><\/h2>\n\n\n\n<div style=\"height:29px\" aria-hidden=\"true\" class=\"wp-block-spacer\"><\/div>\n\n\n\n<p class=\"has-medium-font-size\">L&#8217;\u00e9quipe est constitu\u00e9e de <span style=\"text-decoration: underline;\">3 assistantes maternelles<\/span> agr\u00e9\u00e9es par le conseil d\u00e9partemental du nord. Chacune titulaire du dipl\u00f4me de secourisme.<\/p>\n\n\n\n<p class=\"has-medium-font-size\">Nous avons toutes les trois exerc\u00e9 notre m\u00e9tier \u00e0 domicile pendant plus de 10 ans avant de nous regrouper \u00e0 la MAM.<\/p>\n\n\n\n<div style=\"height:29px\" aria-hidden=\"true\" class=\"wp-block-spacer\"><\/div>\n\n\n\n<h2 class=\"wp-block-heading has-large-font-size\"><strong>Photos de la maison<\/strong><\/h2>\n\n\n\n<div style=\"height:29px\" aria-hidden=\"true\" class=\"wp-block-spacer\"><\/div>\n\n\n\n<div class=\"alignnormal\"><div id=\"metaslider-id-126\" style=\"width: 100%; margin: 0 auto;\" class=\"ml-slider-3-108-0 metaslider metaslider-flex metaslider-126 ml-slider ml-slider-lightbox-2-22-0 firelight-lightbox-2-3-19 ms-theme-simply-dark nav-hidden\" role=\"region\" aria-label=\"Photos MAM\" data-height=\"600\" data-width=\"1400\">\n    <div id=\"metaslider_container_126\">\n        <div id=\"metaslider_126\">\n            <ul class='slides'>\n                <li style=\"display: block; width: 100%;\" class=\"slide-136 ms-image \" aria-roledescription=\"slide\" data-date=\"2024-07-11 20:20:22\" data-filename=\"image2-rotated-1400x600.jpeg\" data-slide-type=\"image\"><a href=\"https:\/\/www.mamauxpirates.com\/wp-content\/uploads\/2024\/06\/image2-rotated.jpeg\" data-src=\"https:\/\/www.mamauxpirates.com\/wp-content\/uploads\/2024\/06\/image2-rotated.jpeg\" data-thumb=\"https:\/\/www.mamauxpirates.com\/wp-content\/uploads\/2024\/06\/image2-rotated-1400x600.jpeg\" class=\"ml-lightbox-enabled\"><img loading=\"lazy\" decoding=\"async\" src=\"https:\/\/www.mamauxpirates.com\/wp-content\/uploads\/2024\/06\/image2-rotated-1400x600.jpeg\" height=\"600\" width=\"1400\" alt=\"\" class=\"slider-126 slide-136 msDefaultImage\" title=\"Vue ext\u00e9rieure\" \/><\/a><div class=\"caption-wrap\"><div class=\"caption\"><h1><span style=\"color:rgb(255,255,255);\">Vue ext\u00e9rieure<\/span><\/h1><\/div><\/div><\/li>\n                <li style=\"display: none; width: 100%;\" class=\"slide-127 ms-image \" aria-roledescription=\"slide\" data-date=\"2024-07-11 20:20:21\" data-filename=\"image5-rotated-1400x600.jpeg\" data-slide-type=\"image\"><a href=\"https:\/\/www.mamauxpirates.com\/wp-content\/uploads\/2024\/06\/image5-rotated.jpeg\" data-src=\"https:\/\/www.mamauxpirates.com\/wp-content\/uploads\/2024\/06\/image5-rotated.jpeg\" data-thumb=\"https:\/\/www.mamauxpirates.com\/wp-content\/uploads\/2024\/06\/image5-rotated-1400x600.jpeg\" class=\"ml-lightbox-enabled\"><img loading=\"lazy\" decoding=\"async\" src=\"https:\/\/www.mamauxpirates.com\/wp-content\/uploads\/2024\/06\/image5-rotated-1400x600.jpeg\" height=\"600\" width=\"1400\" alt=\"\" class=\"slider-126 slide-127 msDefaultImage\" title=\"Coin accueil\" \/><\/a><div class=\"caption-wrap\"><div class=\"caption\"><h1><span style=\"color:rgb(255,255,255);\">Coin accueil<\/span><\/h1><\/div><\/div><\/li>\n                <li style=\"display: none; width: 100%;\" class=\"slide-129 ms-image \" aria-roledescription=\"slide\" data-date=\"2024-07-11 20:20:21\" data-filename=\"image7-1400x600.jpeg\" data-slide-type=\"image\"><a href=\"https:\/\/www.mamauxpirates.com\/wp-content\/uploads\/2024\/06\/image7.jpeg\" data-src=\"https:\/\/www.mamauxpirates.com\/wp-content\/uploads\/2024\/06\/image7.jpeg\" data-thumb=\"https:\/\/www.mamauxpirates.com\/wp-content\/uploads\/2024\/06\/image7-1400x600.jpeg\" class=\"ml-lightbox-enabled\"><img loading=\"lazy\" decoding=\"async\" src=\"https:\/\/www.mamauxpirates.com\/wp-content\/uploads\/2024\/06\/image7-1400x600.jpeg\" height=\"600\" width=\"1400\" alt=\"\" class=\"slider-126 slide-129 msDefaultImage\" title=\"Salle de vie\" \/><\/a><div class=\"caption-wrap\"><div class=\"caption\"><h1><span style=\"color:rgb(255,255,255);\">Salle de vie<\/span><\/h1><\/div><\/div><\/li>\n                <li style=\"display: none; width: 100%;\" class=\"slide-130 ms-image \" aria-roledescription=\"slide\" data-date=\"2024-07-11 20:20:22\" data-filename=\"image8-1400x600.jpeg\" data-slide-type=\"image\"><a href=\"https:\/\/www.mamauxpirates.com\/wp-content\/uploads\/2024\/06\/image8.jpeg\" data-src=\"https:\/\/www.mamauxpirates.com\/wp-content\/uploads\/2024\/06\/image8.jpeg\" data-thumb=\"https:\/\/www.mamauxpirates.com\/wp-content\/uploads\/2024\/06\/image8-1400x600.jpeg\" class=\"ml-lightbox-enabled\"><img loading=\"lazy\" decoding=\"async\" src=\"https:\/\/www.mamauxpirates.com\/wp-content\/uploads\/2024\/06\/image8-1400x600.jpeg\" height=\"600\" width=\"1400\" alt=\"\" class=\"slider-126 slide-130 msDefaultImage\" title=\"Salle de vie\" \/><\/a><div class=\"caption-wrap\"><div class=\"caption\"><h1><span style=\"color:rgb(255,255,255);\">Salle de vie<\/span><\/h1><\/div><\/div><\/li>\n                <li style=\"display: none; width: 100%;\" class=\"slide-131 ms-image \" aria-roledescription=\"slide\" data-date=\"2024-07-11 20:20:22\" data-filename=\"image9-1400x600.jpeg\" data-slide-type=\"image\"><a href=\"https:\/\/www.mamauxpirates.com\/wp-content\/uploads\/2024\/06\/image9.jpeg\" data-src=\"https:\/\/www.mamauxpirates.com\/wp-content\/uploads\/2024\/06\/image9.jpeg\" data-thumb=\"https:\/\/www.mamauxpirates.com\/wp-content\/uploads\/2024\/06\/image9-1400x600.jpeg\" class=\"ml-lightbox-enabled\"><img loading=\"lazy\" decoding=\"async\" src=\"https:\/\/www.mamauxpirates.com\/wp-content\/uploads\/2024\/06\/image9-1400x600.jpeg\" height=\"600\" width=\"1400\" alt=\"\" class=\"slider-126 slide-131 msDefaultImage\" title=\"Espace change\" \/><\/a><div class=\"caption-wrap\"><div class=\"caption\"><h1><span style=\"color:rgb(255,255,255);\">Espace change<\/span><\/h1><\/div><\/div><\/li>\n                <li style=\"display: none; width: 100%;\" class=\"slide-132 ms-image \" aria-roledescription=\"slide\" data-date=\"2024-07-11 20:20:22\" data-filename=\"image10-1400x600.jpeg\" data-slide-type=\"image\"><a href=\"https:\/\/www.mamauxpirates.com\/wp-content\/uploads\/2024\/06\/image10.jpeg\" data-src=\"https:\/\/www.mamauxpirates.com\/wp-content\/uploads\/2024\/06\/image10.jpeg\" data-thumb=\"https:\/\/www.mamauxpirates.com\/wp-content\/uploads\/2024\/06\/image10-1400x600.jpeg\" class=\"ml-lightbox-enabled\"><img loading=\"lazy\" decoding=\"async\" src=\"https:\/\/www.mamauxpirates.com\/wp-content\/uploads\/2024\/06\/image10-1400x600.jpeg\" height=\"600\" width=\"1400\" alt=\"\" class=\"slider-126 slide-132 msDefaultImage\" title=\"Dortoir\" \/><\/a><div class=\"caption-wrap\"><div class=\"caption\"><h1><span style=\"color:rgb(255,255,255);\">Dortoir<\/span><\/h1><\/div><\/div><\/li>\n                <li style=\"display: none; width: 100%;\" class=\"slide-133 ms-image \" aria-roledescription=\"slide\" data-date=\"2024-07-11 20:20:22\" data-filename=\"image11-1400x600.jpeg\" data-slide-type=\"image\"><a href=\"https:\/\/www.mamauxpirates.com\/wp-content\/uploads\/2024\/06\/image11.jpeg\" data-src=\"https:\/\/www.mamauxpirates.com\/wp-content\/uploads\/2024\/06\/image11.jpeg\" data-thumb=\"https:\/\/www.mamauxpirates.com\/wp-content\/uploads\/2024\/06\/image11-1400x600.jpeg\" class=\"ml-lightbox-enabled\"><img loading=\"lazy\" decoding=\"async\" src=\"https:\/\/www.mamauxpirates.com\/wp-content\/uploads\/2024\/06\/image11-1400x600.jpeg\" height=\"600\" width=\"1400\" alt=\"\" class=\"slider-126 slide-133 msDefaultImage\" title=\"Dortoir\" \/><\/a><div class=\"caption-wrap\"><div class=\"caption\"><div>\n<h1><span style=\"color:rgb(255,255,255);\">Dortoir<\/span><\/h1>\n<\/div><\/div><\/div><\/li>\n                <li style=\"display: none; width: 100%;\" class=\"slide-134 ms-image \" aria-roledescription=\"slide\" data-date=\"2024-07-11 20:20:22\" data-filename=\"image12-1400x600.jpeg\" data-slide-type=\"image\"><a href=\"https:\/\/www.mamauxpirates.com\/wp-content\/uploads\/2024\/06\/image12.jpeg\" data-src=\"https:\/\/www.mamauxpirates.com\/wp-content\/uploads\/2024\/06\/image12.jpeg\" data-thumb=\"https:\/\/www.mamauxpirates.com\/wp-content\/uploads\/2024\/06\/image12-1400x600.jpeg\" class=\"ml-lightbox-enabled\"><img loading=\"lazy\" decoding=\"async\" src=\"https:\/\/www.mamauxpirates.com\/wp-content\/uploads\/2024\/06\/image12-1400x600.jpeg\" height=\"600\" width=\"1400\" alt=\"\" class=\"slider-126 slide-134 msDefaultImage\" title=\"Dortoir\" \/><\/a><div class=\"caption-wrap\"><div class=\"caption\"><div>\n<h1><span style=\"color:rgb(255,255,255);\">Dortoir<\/span><\/h1>\n<\/div><\/div><\/div><\/li>\n                <li style=\"display: none; width: 100%;\" class=\"slide-135 ms-image \" aria-roledescription=\"slide\" data-date=\"2024-07-11 20:20:22\" data-filename=\"image13-1400x600.jpeg\" data-slide-type=\"image\"><a href=\"https:\/\/www.mamauxpirates.com\/wp-content\/uploads\/2024\/06\/image13.jpeg\" data-src=\"https:\/\/www.mamauxpirates.com\/wp-content\/uploads\/2024\/06\/image13.jpeg\" data-thumb=\"https:\/\/www.mamauxpirates.com\/wp-content\/uploads\/2024\/06\/image13-1400x600.jpeg\" class=\"ml-lightbox-enabled\"><img loading=\"lazy\" decoding=\"async\" src=\"https:\/\/www.mamauxpirates.com\/wp-content\/uploads\/2024\/06\/image13-1400x600.jpeg\" height=\"600\" width=\"1400\" alt=\"\" class=\"slider-126 slide-135 msDefaultImage\" title=\"Dortoir\" \/><\/a><div class=\"caption-wrap\"><div class=\"caption\"><h1><span style=\"color:rgb(255,255,255);\">Espace jeux<\/span><\/h1><\/div><\/div><\/li>\n                <li style=\"display: none; width: 100%;\" class=\"slide-128 ms-image \" aria-roledescription=\"slide\" data-date=\"2024-07-11 20:20:21\" data-filename=\"image6-1400x600.jpeg\" data-slide-type=\"image\"><a href=\"https:\/\/www.mamauxpirates.com\/wp-content\/uploads\/2024\/06\/image6.jpeg\" data-src=\"https:\/\/www.mamauxpirates.com\/wp-content\/uploads\/2024\/06\/image6.jpeg\" data-thumb=\"https:\/\/www.mamauxpirates.com\/wp-content\/uploads\/2024\/06\/image6-1400x600.jpeg\" class=\"ml-lightbox-enabled\"><img loading=\"lazy\" decoding=\"async\" src=\"https:\/\/www.mamauxpirates.com\/wp-content\/uploads\/2024\/06\/image6-1400x600.jpeg\" height=\"600\" width=\"1400\" alt=\"\" class=\"slider-126 slide-128 msDefaultImage\" title=\"Jardin\" \/><\/a><div class=\"caption-wrap\"><div class=\"caption\"><h1><span style=\"color:rgb(255,255,255);\">Jardin<\/span><\/h1><\/div><\/div><\/li>\n            <\/ul>\n        <\/div>\n        \n    <\/div>\n<\/div><\/div>\n\n\n\n<div style=\"height:29px\" aria-hidden=\"true\" class=\"wp-block-spacer\"><\/div>\n\n\n\n<h2 class=\"wp-block-heading has-large-font-size\"><strong>Composition de la maison <\/strong><\/h2>\n\n\n\n<div style=\"height:29px\" aria-hidden=\"true\" class=\"wp-block-spacer\"><\/div>\n\n\n\n<p class=\"has-medium-font-size\">Les espaces consacr\u00e9s de la MAM sont:<\/p>\n\n\n\n<p class=\"has-medium-font-size\"><br><span style=\"text-decoration: underline;\">Au RDC:<\/span><\/p>\n\n\n\n<ul class=\"wp-block-list\">\n<li class=\"has-medium-font-size\">1 coin accueil<\/li>\n\n\n\n<li class=\"has-medium-font-size\">1 salle de vie<\/li>\n\n\n\n<li class=\"has-medium-font-size\">1 espace cuisine<\/li>\n\n\n\n<li class=\"has-medium-font-size\">1 espace change <\/li>\n\n\n\n<li class=\"has-medium-font-size\">1 espace sanitaire avec toilette et un lavabo adapt\u00e9 aux enfants <\/li>\n\n\n\n<li class=\"has-medium-font-size\">1 jardin avec terrasse, coin potager et poulailler<\/li>\n<\/ul>\n\n\n\n<div style=\"height:29px\" aria-hidden=\"true\" class=\"wp-block-spacer\"><\/div>\n\n\n\n<p class=\"has-medium-font-size\"><span style=\"text-decoration: underline;\">Au 1er \u00e9tage:<\/span><\/p>\n\n\n\n<ul class=\"wp-block-list\">\n<li class=\"has-medium-font-size\">3 chambres am\u00e9nag\u00e9es pour 4 enfants<\/li>\n\n\n\n<li class=\"has-medium-font-size\">1 espace bureau<\/li>\n\n\n\n<li class=\"has-medium-font-size\">1 espace piscine \u00e0 balles<\/li>\n<\/ul>\n\n\n\n<div style=\"height:29px\" aria-hidden=\"true\" class=\"wp-block-spacer\"><\/div>\n\n\n\n<p class=\"has-medium-font-size\"><span style=\"text-decoration: underline;\">Au 2\u00e8me \u00e9tage (accessible uniquement au personnel de la MAM):<\/span><\/p>\n\n\n\n<ul class=\"wp-block-list\">\n<li class=\"has-medium-font-size\">1 coin bureau<\/li>\n\n\n\n<li class=\"has-medium-font-size\">1 espace de stockage<\/li>\n<\/ul>\n\n\n\n<p><\/p>\n","protected":false},"excerpt":{"rendered":"<p>G\u00e9n\u00e9rale Maison qui se situe au 13 rue du coll\u00e8ge \u00e0 Estaires. Face au Parc Watine. Agr\u00e9\u00e9e par la PMI (Protection Maternelle Infantile) sous statut associatif de la loi 1901. Il s&#8217;agit d&#8217;une maison de 110m2 enti\u00e8rement r\u00e9nov\u00e9e et am\u00e9nag\u00e9e avec du mat\u00e9riel adapt\u00e9 \u00e0 la petite enfance. Il y a \u00e9galement un jardin de [&hellip;]<\/p>\n","protected":false},"author":1,"featured_media":0,"parent":0,"menu_order":0,"comment_status":"closed","ping_status":"closed","template":"","meta":{"footnotes":""},"class_list":["post-57","page","type-page","status-publish","hentry"],"_links":{"self":[{"href":"https:\/\/www.mamauxpirates.com\/index.php\/wp-json\/wp\/v2\/pages\/57","targetHints":{"allow":["GET"]}}],"collection":[{"href":"https:\/\/www.mamauxpirates.com\/index.php\/wp-json\/wp\/v2\/pages"}],"about":[{"href":"https:\/\/www.mamauxpirates.com\/index.php\/wp-json\/wp\/v2\/types\/page"}],"author":[{"embeddable":true,"href":"https:\/\/www.mamauxpirates.com\/index.php\/wp-json\/wp\/v2\/users\/1"}],"replies":[{"embeddable":true,"href":"https:\/\/www.mamauxpirates.com\/index.php\/wp-json\/wp\/v2\/comments?post=57"}],"version-history":[{"count":15,"href":"https:\/\/www.mamauxpirates.com\/index.php\/wp-json\/wp\/v2\/pages\/57\/revisions"}],"predecessor-version":[{"id":277,"href":"https:\/\/www.mamauxpirates.com\/index.php\/wp-json\/wp\/v2\/pages\/57\/revisions\/277"}],"wp:attachment":[{"href":"https:\/\/www.mamauxpirates.com\/index.php\/wp-json\/wp\/v2\/media?parent=57"}],"curies":[{"name":"wp","href":"https:\/\/api.w.org\/{rel}","templated":true}]}}