{"id":21,"date":"2024-06-27T22:26:15","date_gmt":"2024-06-27T20:26:15","guid":{"rendered":"https:\/\/www.mamauxpirates.com\/?page_id=21"},"modified":"2024-10-01T14:37:17","modified_gmt":"2024-10-01T12:37:17","slug":"infos-pratiques","status":"publish","type":"page","link":"https:\/\/www.mamauxpirates.com\/index.php\/infos-pratiques\/","title":{"rendered":"Infos pratiques"},"content":{"rendered":"\n<h2 class=\"wp-block-heading has-large-font-size\"><strong>Transmission<\/strong><\/h2>\n\n\n\n<div style=\"height:29px\" aria-hidden=\"true\" class=\"wp-block-spacer\"><\/div>\n\n\n\n<p class=\"has-medium-font-size\">Un cahier de liaison est mis en place afin d&#8217;assurer les transmissions entre la MAM et la maison<\/p>\n\n\n\n<div style=\"height:29px\" aria-hidden=\"true\" class=\"wp-block-spacer\"><\/div>\n\n\n\n<h2 class=\"wp-block-heading has-large-font-size\"><strong>Horaires<\/strong><\/h2>\n\n\n\n<div style=\"height:29px\" aria-hidden=\"true\" class=\"wp-block-spacer\"><\/div>\n\n\n\n<p class=\"has-medium-font-size\">La MAM est ouverte du lundi au vendredi de 7h15 \u00e0 19h15.<br>La MAM est ferm\u00e9e les week-end et les jours f\u00e9ri\u00e9s.<br>Chaque assistante maternelle prend 5 semaines de vacances. <br>Plage d&#8217;arriv\u00e9e des enfants de 7h15 \u00e0 11h et de 13h \u00e0 13h15.<br>Plage de d\u00e9part de 13h \u00e0 13h15 ou \u00e0 partir de 16h15 (Sauf imp\u00e9ratif m\u00e9dical)<\/p>\n\n\n\n<p class=\"has-medium-font-size\">Pour la bonne organisation de la MAM nous demandons aux parents de respecter les horaires pr\u00e9vus au contrat et d&#8217;arriver 5 min avant le d\u00e9part afin de faire les transmissions de la journ\u00e9e.<\/p>\n\n\n\n<div style=\"height:29px\" aria-hidden=\"true\" class=\"wp-block-spacer\"><\/div>\n\n\n\n<h2 class=\"wp-block-heading has-large-font-size\"><strong>Absence de l&#8217;enfant et de l&#8217;assistante maternelle <\/strong><\/h2>\n\n\n\n<div style=\"height:29px\" aria-hidden=\"true\" class=\"wp-block-spacer\"><\/div>\n\n\n\n<p class=\"has-medium-font-size\">Si l&#8217;enfant est malade, la journ\u00e9e peut \u00eatre d\u00e9duite sur pr\u00e9sentation obligatoire d&#8217;un certificat m\u00e9dical et dans la limite de 5 jours par ann\u00e9e de contrat.<\/p>\n\n\n\n<p class=\"has-medium-font-size\">Si l&#8217;enfant est absent  alors que cela n&#8217;\u00e9tait pas pr\u00e9vu au contrat cela est consid\u00e9r\u00e9 comme une convenance personnelle et dans ce cas aucune d\u00e9duction de salaire ne sera appliqu\u00e9e. <\/p>\n\n\n\n<p class=\"has-medium-font-size\">Si l&#8217;assistante maternelle avec qui vous avez sign\u00e9 le contrat est absente (cong\u00e9s pay\u00e9s ou maladie) votre enfant ne pourra \u00eatre accueilli.<\/p>\n\n\n\n<div style=\"height:29px\" aria-hidden=\"true\" class=\"wp-block-spacer\"><\/div>\n\n\n\n<h2 class=\"wp-block-heading has-large-font-size\"><strong>Tarifs<\/strong><\/h2>\n\n\n\n<div style=\"height:29px\" aria-hidden=\"true\" class=\"wp-block-spacer\"><\/div>\n\n\n\n<ul class=\"wp-block-list\">\n<li class=\"has-medium-font-size\"><strong><mark style=\"background-color:rgba(0, 0, 0, 0)\" class=\"has-inline-color has-vivid-green-cyan-color\">Tarif horaire<\/mark><\/strong><\/li>\n<\/ul>\n\n\n\n<div style=\"height:10px\" aria-hidden=\"true\" class=\"wp-block-spacer\"><\/div>\n\n\n\n<p class=\"has-medium-font-size\">Le tarif horaire n&#8217;est pas fixe, il varie de 3,10 \u00e0 4,10 euros net en fonction du nombre d&#8217;heures et de jours d&#8217;accueil.<br>Les tarifs appliqu\u00e9s sont identiques pour chacune des assistantes maternelles exer\u00e7ant \u00e0 la MAM. <br>Un devis d\u00e9taill\u00e9 sera fait lors de la visite des locaux gr\u00e2ce aux renseignements donn\u00e9s dans le formulaire de contact.<\/p>\n\n\n\n<div style=\"height:10px\" aria-hidden=\"true\" class=\"wp-block-spacer\"><\/div>\n\n\n\n<ul class=\"wp-block-list\">\n<li class=\"has-medium-font-size\"><strong><mark style=\"background-color:rgba(0, 0, 0, 0)\" class=\"has-inline-color has-vivid-green-cyan-color\">Tarif indemnit\u00e9s<\/mark><\/strong><\/li>\n<\/ul>\n\n\n\n<div style=\"height:10px\" aria-hidden=\"true\" class=\"wp-block-spacer\"><\/div>\n\n\n\n<p class=\"has-medium-font-size\">*L&#8217;indemnit\u00e9 d&#8217;entretien couvre les charges de la structure (loyer, assurance, facture&#8230;) et le renouvellement et l&#8217;achat de mat\u00e9riel.<br>Celle-ci est de 5 euros par jour de pr\u00e9sence de l&#8217;enfant et quel que soit le nombre d&#8217;heures d&#8217;accueil. Si l&#8217;enfant est absent pour convenance personnelle celle-ci sera de 2,5 euros par jour.<\/p>\n\n\n\n<div style=\"height:10px\" aria-hidden=\"true\" class=\"wp-block-spacer\"><\/div>\n\n\n\n<p class=\"has-medium-font-size\">*L&#8217;indemnit\u00e9 de nourriture<br>Avant 1 an le repas et le go\u00fbter sont fournis par les parents (lait en poudre, lait maternel, petit pot industriel ou fait maison).<br>A partir de 1 an le repas et le go\u00fbter sont fournis obligatoirement par la MAM sauf en cas d&#8217;allergies. <br>L&#8217;indemnit\u00e9 est de 2,5 euros par repas jusqu&#8217;\u00e0 2 ans et ensuite 3 euros. Pour le go\u00fbter celle-ci sera de 1,5 euros.<\/p>\n\n\n\n<div style=\"height:10px\" aria-hidden=\"true\" class=\"wp-block-spacer\"><\/div>\n\n\n\n<ul class=\"wp-block-list\">\n<li class=\"has-medium-font-size\"><strong><mark style=\"background-color:rgba(0, 0, 0, 0)\" class=\"has-inline-color has-vivid-green-cyan-color\">Cotisation Association<\/mark><\/strong><\/li>\n<\/ul>\n\n\n\n<p class=\"has-medium-font-size\">Comme nous sommes <strong>une association<\/strong> nous demandons une cotisation annuelle par famille de <strong><span style=\"text-decoration: underline;\">15 euros minimum<\/span><\/strong>.<\/p>\n\n\n\n<div style=\"height:29px\" aria-hidden=\"true\" class=\"wp-block-spacer\"><\/div>\n\n\n\n<h2 class=\"wp-block-heading has-large-font-size\">Aide financi\u00e8re<\/h2>\n\n\n\n<div style=\"height:29px\" aria-hidden=\"true\" class=\"wp-block-spacer\"><\/div>\n\n\n\n<p class=\"has-medium-font-size\">Vous pouvez b\u00e9n\u00e9ficier <span style=\"text-decoration: underline;\">d&#8217;une aide vers\u00e9e par la CAF<\/span>, il s&#8217;agit du <strong>CMG (Compl\u00e9ment libre choix du Mode de Garde)<\/strong> pour compenser le co\u00fbt de garde d&#8217;un enfant pour une assistante maternelle. Il est vers\u00e9 sous conditions d\u00e9finies par la CAF.<\/p>\n\n\n\n<p class=\"has-medium-font-size\">Attention sur le site de la CAF, il faut faire la simulation avec la cat\u00e9gorie assistante maternelle et non MAM. <\/p>\n\n\n\n<p class=\"has-medium-font-size\">Les parents qui confient la garde de leur enfant \u00e0 une Assistante Maternelle agr\u00e9\u00e9e ont droit, sous conditions, \u00e0 un cr\u00e9dit d&#8217;imp\u00f4t.<\/p>\n\n\n\n<div style=\"height:29px\" aria-hidden=\"true\" class=\"wp-block-spacer\"><\/div>\n\n\n\n<h2 class=\"wp-block-heading has-large-font-size\">Particularit\u00e9s<\/h2>\n\n\n\n<div style=\"height:29px\" aria-hidden=\"true\" class=\"wp-block-spacer\"><\/div>\n\n\n\n<p class=\"has-medium-font-size\">Notre MAM a un partenariat avec le Lyc\u00e9e St Roch d&#8217;Estaires. De ce fait, nous accueillons 4 stagiaires par an afin de leur faire d\u00e9couvrir notre m\u00e9tier.<\/p>\n\n\n\n<p><\/p>\n","protected":false},"excerpt":{"rendered":"<p>Transmission Un cahier de liaison est mis en place afin d&#8217;assurer les transmissions entre la MAM et la maison Horaires La MAM est ouverte du lundi au vendredi de 7h15 \u00e0 19h15.La MAM est ferm\u00e9e les week-end et les jours f\u00e9ri\u00e9s.Chaque assistante maternelle prend 5 semaines de vacances. Plage d&#8217;arriv\u00e9e des enfants de 7h15 \u00e0 [&hellip;]<\/p>\n","protected":false},"author":1,"featured_media":0,"parent":0,"menu_order":0,"comment_status":"closed","ping_status":"closed","template":"","meta":{"footnotes":""},"class_list":["post-21","page","type-page","status-publish","hentry"],"_links":{"self":[{"href":"https:\/\/www.mamauxpirates.com\/index.php\/wp-json\/wp\/v2\/pages\/21","targetHints":{"allow":["GET"]}}],"collection":[{"href":"https:\/\/www.mamauxpirates.com\/index.php\/wp-json\/wp\/v2\/pages"}],"about":[{"href":"https:\/\/www.mamauxpirates.com\/index.php\/wp-json\/wp\/v2\/types\/page"}],"author":[{"embeddable":true,"href":"https:\/\/www.mamauxpirates.com\/index.php\/wp-json\/wp\/v2\/users\/1"}],"replies":[{"embeddable":true,"href":"https:\/\/www.mamauxpirates.com\/index.php\/wp-json\/wp\/v2\/comments?post=21"}],"version-history":[{"count":15,"href":"https:\/\/www.mamauxpirates.com\/index.php\/wp-json\/wp\/v2\/pages\/21\/revisions"}],"predecessor-version":[{"id":291,"href":"https:\/\/www.mamauxpirates.com\/index.php\/wp-json\/wp\/v2\/pages\/21\/revisions\/291"}],"wp:attachment":[{"href":"https:\/\/www.mamauxpirates.com\/index.php\/wp-json\/wp\/v2\/media?parent=21"}],"curies":[{"name":"wp","href":"https:\/\/api.w.org\/{rel}","templated":true}]}}