{"id":18,"date":"2024-06-27T22:24:57","date_gmt":"2024-06-27T20:24:57","guid":{"rendered":"https:\/\/www.mamauxpirates.com\/?page_id=18"},"modified":"2024-10-01T18:50:42","modified_gmt":"2024-10-01T16:50:42","slug":"fonctionnement","status":"publish","type":"page","link":"https:\/\/www.mamauxpirates.com\/index.php\/fonctionnement\/","title":{"rendered":"Fonctionnement"},"content":{"rendered":"\n<div class=\"wp-block-columns is-layout-flex wp-container-core-columns-is-layout-9d6595d7 wp-block-columns-is-layout-flex\">\n<div class=\"wp-block-column is-layout-flow wp-block-column-is-layout-flow\">\n<h2 class=\"wp-block-heading has-large-font-size\">Journ\u00e9e type \u00e0 la MAM<\/h2>\n\n\n\n<div style=\"height:29px\" aria-hidden=\"true\" class=\"wp-block-spacer\"><\/div>\n\n\n\n<p class=\"has-medium-font-size\"><br><\/p>\n\n\n\n<figure class=\"wp-block-table is-style-stripes has-medium-font-size\"><table class=\"has-black-color has-text-color has-link-color mtr-table mtr-thead-th\"><thead><tr><th data-mtr-content=\"Horaires\" class=\"mtr-th-tag\"><div class=\"mtr-cell-content\"><mark style=\"background-color:rgba(0, 0, 0, 0)\" class=\"has-inline-color has-vivid-cyan-blue-color\">Horaires<\/mark><\/div><\/th><th data-mtr-content=\"Activit\u00e9\" class=\"mtr-th-tag\"><div class=\"mtr-cell-content\"><mark style=\"background-color:rgba(0, 0, 0, 0)\" class=\"has-inline-color has-vivid-cyan-blue-color\">Activit\u00e9<\/mark><\/div><\/th><\/tr><\/thead><tbody><tr><td data-mtr-content=\"Horaires\" class=\"mtr-td-tag\"><div class=\"mtr-cell-content\"><strong><mark style=\"background-color:rgba(0, 0, 0, 0)\" class=\"has-inline-color has-black-color\">7h15 \u00e0 11h<\/mark><\/strong><\/div><\/td><td data-mtr-content=\"Activit\u00e9\" class=\"mtr-td-tag\"><div class=\"mtr-cell-content\">Accueil des enfants<\/div><\/td><\/tr><tr><td data-mtr-content=\"Horaires\" class=\"mtr-td-tag\"><div class=\"mtr-cell-content\"><strong><mark style=\"background-color:rgba(0, 0, 0, 0)\" class=\"has-inline-color has-black-color\">Jusque 10h15<\/mark><\/strong><\/div><\/td><td data-mtr-content=\"Activit\u00e9\" class=\"mtr-td-tag\"><div class=\"mtr-cell-content\">Jeux libres<\/div><\/td><\/tr><tr><td data-mtr-content=\"Horaires\" class=\"mtr-td-tag\"><div class=\"mtr-cell-content\"><strong><mark style=\"background-color:rgba(0, 0, 0, 0)\" class=\"has-inline-color has-black-color\">10h15 \u2013 11h<\/mark><\/strong><\/div><\/td><td data-mtr-content=\"Activit\u00e9\" class=\"mtr-td-tag\"><div class=\"mtr-cell-content\">Activit\u00e9s<\/div><\/td><\/tr><tr><td data-mtr-content=\"Horaires\" class=\"mtr-td-tag\"><div class=\"mtr-cell-content\"><strong><mark style=\"background-color:rgba(0, 0, 0, 0)\" class=\"has-inline-color has-black-color\">11h00<\/mark><\/strong><\/div><\/td><td data-mtr-content=\"Activit\u00e9\" class=\"mtr-td-tag\"><div class=\"mtr-cell-content\">Changes<\/div><\/td><\/tr><tr><td data-mtr-content=\"Horaires\" class=\"mtr-td-tag\"><div class=\"mtr-cell-content\"><strong><mark style=\"background-color:rgba(0, 0, 0, 0)\" class=\"has-inline-color has-black-color\">11h30<\/mark><\/strong><\/div><\/td><td data-mtr-content=\"Activit\u00e9\" class=\"mtr-td-tag\"><div class=\"mtr-cell-content\">Repas (les repas sont pr\u00e9par\u00e9s quotidiennement par les AM pour les enfants \u00e0 partir de 1 an) <\/div><\/td><\/tr><tr><td data-mtr-content=\"Horaires\" class=\"mtr-td-tag\"><div class=\"mtr-cell-content\"><strong><mark style=\"background-color:rgba(0, 0, 0, 0)\" class=\"has-inline-color has-black-color\">Jusque 13h<\/mark><\/strong><\/div><\/td><td data-mtr-content=\"Activit\u00e9\" class=\"mtr-td-tag\"><div class=\"mtr-cell-content\">Jeux libres<\/div><\/td><\/tr><tr><td data-mtr-content=\"Horaires\" class=\"mtr-td-tag\"><div class=\"mtr-cell-content\"><strong><mark style=\"background-color:rgba(0, 0, 0, 0)\" class=\"has-inline-color has-black-color\">13h00<\/mark><\/strong><\/div><\/td><td data-mtr-content=\"Activit\u00e9\" class=\"mtr-td-tag\"><div class=\"mtr-cell-content\">Changes<\/div><\/td><\/tr><tr><td data-mtr-content=\"Horaires\" class=\"mtr-td-tag\"><div class=\"mtr-cell-content\"><strong><mark style=\"background-color:rgba(0, 0, 0, 0)\" class=\"has-inline-color has-black-color\">13h30<\/mark><\/strong><\/div><\/td><td data-mtr-content=\"Activit\u00e9\" class=\"mtr-td-tag\"><div class=\"mtr-cell-content\">Sieste (chaque enfant retrouve son propre lit)<\/div><\/td><\/tr><tr><td data-mtr-content=\"Horaires\" class=\"mtr-td-tag\"><div class=\"mtr-cell-content\"><strong><mark style=\"background-color:rgba(0, 0, 0, 0)\" class=\"has-inline-color has-black-color\">15h30-16h<\/mark><\/strong><\/div><\/td><td data-mtr-content=\"Activit\u00e9\" class=\"mtr-td-tag\"><div class=\"mtr-cell-content\">Go\u00fbter (pr\u00e9par\u00e9s quotidiennement par les AM pour les enfants \u00e0 partir de 1 an)<\/div><\/td><\/tr><tr><td data-mtr-content=\"Horaires\" class=\"mtr-td-tag\"><div class=\"mtr-cell-content\"><strong><mark style=\"background-color:rgba(0, 0, 0, 0)\" class=\"has-inline-color has-black-color\">16h \u00e0 19h15<\/mark><\/strong><\/div><\/td><td data-mtr-content=\"Activit\u00e9\" class=\"mtr-td-tag\"><div class=\"mtr-cell-content\">D\u00e9part \u00e9chelonn\u00e9 des enfants<\/div><\/td><\/tr><\/tbody><\/table><figcaption class=\"wp-element-caption\"><br><em>Cette journ\u00e9e type est \u00e0 titre indicatif et modulable afin de respecter le rythme de l&#8217;enfant.<\/em><\/figcaption><\/figure>\n\n\n\n<div style=\"height:29px\" aria-hidden=\"true\" class=\"wp-block-spacer\"><\/div>\n\n\n\n<h2 class=\"wp-block-heading has-large-font-size\">Adaptation<\/h2>\n\n\n\n<div style=\"height:29px\" aria-hidden=\"true\" class=\"wp-block-spacer\"><\/div>\n\n\n\n<p class=\"has-medium-font-size\">Quand cela est possible nous favorisons un temps d&#8217;adaptation avec l&#8217;enfant afin que la transition se passe mieux . Elle commence par quelques heures et se termine par une petite journ\u00e9e<\/p>\n\n\n\n<div style=\"height:29px\" aria-hidden=\"true\" class=\"wp-block-spacer\"><\/div>\n\n\n\n<h2 class=\"wp-block-heading has-large-font-size\">Activit\u00e9s et sorties <\/h2>\n\n\n\n<div style=\"height:29px\" aria-hidden=\"true\" class=\"wp-block-spacer\"><\/div>\n\n\n\n<p class=\"has-medium-font-size\">Nous proposons aux enfants diverses activit\u00e9s:<br>&#8211; Activit\u00e9s manuelles (peinture, gommettes, p\u00e2te \u00e0 modeler&#8230;)<br>&#8211; P\u00e2tisserie<br>&#8211; Motricit\u00e9 (nous sommes \u00e9quip\u00e9es de tapis et modules)<br>&#8211; Lecture, chants, musique<br>&#8211; Sorties au parc, march\u00e9. Nous sommes \u00e9quip\u00e9es de 3 poussettes quadruples <br>&#8211; RPE (Relais petite enfance)<br>&#8211; Jeux dans le jardin <br>&#8211; Anniversaire des enfants<br>&#8211; Pratique Baby Sign<\/p>\n\n\n\n<div style=\"height:29px\" aria-hidden=\"true\" class=\"wp-block-spacer\"><\/div>\n\n\n\n<h2 class=\"wp-block-heading has-large-font-size\">Temps forts de la MAM<\/h2>\n\n\n\n<div style=\"height:29px\" aria-hidden=\"true\" class=\"wp-block-spacer\"><\/div>\n\n\n\n<p class=\"has-medium-font-size\">Comme nous sommes une association, nous organisons une assembl\u00e9e g\u00e9n\u00e9rale annuelle, lors de laquelle nous faisons un point sur l&#8217;ann\u00e9e \u00e9coul\u00e9e et \u00e0 venir de la MAM en pr\u00e9sence des parents.<\/p>\n\n\n\n<p class=\"has-medium-font-size\">L&#8217;arbre de no\u00ebl &#8211; ap\u00e9ro d\u00eenatoire et distribution de cadeaux- \u00e0 cette occasion nous invitons les parents et les fr\u00e8res et soeurs des enfants accueillis \u00e0 la MAM. <br>C&#8217;est l&#8217;occasion de pouvoir se rencontrer et \u00e9changer.<\/p>\n<\/div>\n<\/div>\n\n\n\n<p><\/p>\n","protected":false},"excerpt":{"rendered":"<p>Journ\u00e9e type \u00e0 la MAM Horaires Activit\u00e9 7h15 \u00e0 11h Accueil des enfants Jusque 10h15 Jeux libres 10h15 \u2013 11h Activit\u00e9s 11h00 Changes 11h30 Repas (les repas sont pr\u00e9par\u00e9s quotidiennement par les AM pour les enfants \u00e0 partir de 1 an) Jusque 13h Jeux libres 13h00 Changes 13h30 Sieste (chaque enfant retrouve son propre lit) [&hellip;]<\/p>\n","protected":false},"author":1,"featured_media":0,"parent":0,"menu_order":0,"comment_status":"closed","ping_status":"closed","template":"","meta":{"footnotes":""},"class_list":["post-18","page","type-page","status-publish","hentry"],"_links":{"self":[{"href":"https:\/\/www.mamauxpirates.com\/index.php\/wp-json\/wp\/v2\/pages\/18","targetHints":{"allow":["GET"]}}],"collection":[{"href":"https:\/\/www.mamauxpirates.com\/index.php\/wp-json\/wp\/v2\/pages"}],"about":[{"href":"https:\/\/www.mamauxpirates.com\/index.php\/wp-json\/wp\/v2\/types\/page"}],"author":[{"embeddable":true,"href":"https:\/\/www.mamauxpirates.com\/index.php\/wp-json\/wp\/v2\/users\/1"}],"replies":[{"embeddable":true,"href":"https:\/\/www.mamauxpirates.com\/index.php\/wp-json\/wp\/v2\/comments?post=18"}],"version-history":[{"count":36,"href":"https:\/\/www.mamauxpirates.com\/index.php\/wp-json\/wp\/v2\/pages\/18\/revisions"}],"predecessor-version":[{"id":298,"href":"https:\/\/www.mamauxpirates.com\/index.php\/wp-json\/wp\/v2\/pages\/18\/revisions\/298"}],"wp:attachment":[{"href":"https:\/\/www.mamauxpirates.com\/index.php\/wp-json\/wp\/v2\/media?parent=18"}],"curies":[{"name":"wp","href":"https:\/\/api.w.org\/{rel}","templated":true}]}}