{"id":14,"date":"2024-06-27T22:23:09","date_gmt":"2024-06-27T20:23:09","guid":{"rendered":"https:\/\/www.mamauxpirates.com\/?page_id=14"},"modified":"2026-03-16T09:38:37","modified_gmt":"2026-03-16T08:38:37","slug":"presentation","status":"publish","type":"page","link":"https:\/\/www.mamauxpirates.com\/","title":{"rendered":"Accueil"},"content":{"rendered":"\n<p><\/p>\n\n\n\n<h2 class=\"wp-block-heading has-text-align-center has-large-font-size\">Bienvenue \u00e0 la MAM Aux Pirates <br>(Maison d&#8217;Assistantes Maternelles)<\/h2>\n\n\n\n<div style=\"height:29px\" aria-hidden=\"true\" class=\"wp-block-spacer\"><\/div>\n\n\n\n<div class=\"wp-block-columns is-layout-flex wp-container-core-columns-is-layout-9d6595d7 wp-block-columns-is-layout-flex\">\n<div class=\"wp-block-column is-layout-flow wp-block-column-is-layout-flow\" style=\"flex-basis:100%\">\n<hr class=\"wp-block-separator has-alpha-channel-opacity\"\/>\n<\/div>\n<\/div>\n\n\n\n<p class=\"has-medium-font-size\">Ouvert du <span style=\"text-decoration: underline;\">lundi au vendredi de 7h15 \u00e0 19h15<\/span><\/p>\n\n\n\n<p class=\"has-black-color has-text-color has-link-color has-medium-font-size wp-elements-e14f35051d3b821ab5b0366abf8b7181\"><strong>Coordonn\u00e9es<\/strong><\/p>\n\n\n\n<ul class=\"wp-block-list\">\n<li class=\"has-medium-font-size\">Adresse: 13 rue du coll\u00e8ge 59940 ESTAIRES<\/li>\n\n\n\n<li class=\"has-medium-font-size\">T\u00e9l: 03 28 43 17 52<\/li>\n\n\n\n<li class=\"has-medium-font-size\">Email: lamamauxpirates@gmail.com<\/li>\n<\/ul>\n\n\n\n<hr class=\"wp-block-separator has-alpha-channel-opacity\"\/>\n\n\n<div class=\"wp-block-image is-style-rounded\">\n<figure data-wp-context=\"{&quot;imageId&quot;:&quot;69e129d65fccb&quot;}\" data-wp-interactive=\"core\/image\" data-wp-key=\"69e129d65fccb\" class=\"aligncenter size-full is-resized wp-lightbox-container\"><img loading=\"lazy\" decoding=\"async\" width=\"2560\" height=\"1707\" data-wp-class--hide=\"state.isContentHidden\" data-wp-class--show=\"state.isContentVisible\" data-wp-init=\"callbacks.setButtonStyles\" data-wp-on--click=\"actions.showLightbox\" data-wp-on--load=\"callbacks.setButtonStyles\" data-wp-on-window--resize=\"callbacks.setButtonStyles\" src=\"http:\/\/www.mamauxpirates.com\/wp-content\/uploads\/2026\/03\/DSC_7657-scaled.jpg\" alt=\"\" class=\"wp-image-3124\" style=\"width:512px;height:auto\" srcset=\"https:\/\/www.mamauxpirates.com\/wp-content\/uploads\/2026\/03\/DSC_7657-scaled.jpg 2560w, https:\/\/www.mamauxpirates.com\/wp-content\/uploads\/2026\/03\/DSC_7657-300x200.jpg 300w, https:\/\/www.mamauxpirates.com\/wp-content\/uploads\/2026\/03\/DSC_7657-1024x683.jpg 1024w, https:\/\/www.mamauxpirates.com\/wp-content\/uploads\/2026\/03\/DSC_7657-768x512.jpg 768w, https:\/\/www.mamauxpirates.com\/wp-content\/uploads\/2026\/03\/DSC_7657-1536x1024.jpg 1536w, https:\/\/www.mamauxpirates.com\/wp-content\/uploads\/2026\/03\/DSC_7657-2048x1365.jpg 2048w\" sizes=\"auto, (max-width: 2560px) 100vw, 2560px\" \/><button\n\t\t\tclass=\"lightbox-trigger\"\n\t\t\ttype=\"button\"\n\t\t\taria-haspopup=\"dialog\"\n\t\t\taria-label=\"Agrandir\"\n\t\t\tdata-wp-init=\"callbacks.initTriggerButton\"\n\t\t\tdata-wp-on--click=\"actions.showLightbox\"\n\t\t\tdata-wp-style--right=\"state.imageButtonRight\"\n\t\t\tdata-wp-style--top=\"state.imageButtonTop\"\n\t\t>\n\t\t\t<svg xmlns=\"http:\/\/www.w3.org\/2000\/svg\" width=\"12\" height=\"12\" fill=\"none\" viewBox=\"0 0 12 12\">\n\t\t\t\t<path fill=\"#fff\" d=\"M2 0a2 2 0 0 0-2 2v2h1.5V2a.5.5 0 0 1 .5-.5h2V0H2Zm2 10.5H2a.5.5 0 0 1-.5-.5V8H0v2a2 2 0 0 0 2 2h2v-1.5ZM8 12v-1.5h2a.5.5 0 0 0 .5-.5V8H12v2a2 2 0 0 1-2 2H8Zm2-12a2 2 0 0 1 2 2v2h-1.5V2a.5.5 0 0 0-.5-.5H8V0h2Z\" \/>\n\t\t\t<\/svg>\n\t\t<\/button><\/figure>\n<\/div>\n\n\n<div style=\"height:100px\" aria-hidden=\"true\" class=\"wp-block-spacer\"><\/div>\n\n\n\n<blockquote class=\"wp-block-quote is-layout-flow wp-block-quote-is-layout-flow\">\n<p class=\"has-medium-font-size\">Elodie, Audrey et Carine accueillent vos enfants de 2,5 mois \u00e0 4 ans (Pas de conduite d&#8217;\u00e9cole)<\/p>\n\n\n\n<p class=\"has-medium-font-size\">Capacit\u00e9 maximale 12 enfants<\/p>\n<\/blockquote>\n","protected":false},"excerpt":{"rendered":"<p>Bienvenue \u00e0 la MAM Aux Pirates (Maison d&#8217;Assistantes Maternelles) Ouvert du lundi au vendredi de 7h15 \u00e0 19h15 Coordonn\u00e9es Elodie, Audrey et Carine accueillent vos enfants de 2,5 mois \u00e0 4 ans (Pas de conduite d&#8217;\u00e9cole) Capacit\u00e9 maximale 12 enfants<\/p>\n","protected":false},"author":1,"featured_media":0,"parent":0,"menu_order":0,"comment_status":"closed","ping_status":"closed","template":"","meta":{"footnotes":""},"class_list":["post-14","page","type-page","status-publish","hentry"],"_links":{"self":[{"href":"https:\/\/www.mamauxpirates.com\/index.php\/wp-json\/wp\/v2\/pages\/14","targetHints":{"allow":["GET"]}}],"collection":[{"href":"https:\/\/www.mamauxpirates.com\/index.php\/wp-json\/wp\/v2\/pages"}],"about":[{"href":"https:\/\/www.mamauxpirates.com\/index.php\/wp-json\/wp\/v2\/types\/page"}],"author":[{"embeddable":true,"href":"https:\/\/www.mamauxpirates.com\/index.php\/wp-json\/wp\/v2\/users\/1"}],"replies":[{"embeddable":true,"href":"https:\/\/www.mamauxpirates.com\/index.php\/wp-json\/wp\/v2\/comments?post=14"}],"version-history":[{"count":29,"href":"https:\/\/www.mamauxpirates.com\/index.php\/wp-json\/wp\/v2\/pages\/14\/revisions"}],"predecessor-version":[{"id":3126,"href":"https:\/\/www.mamauxpirates.com\/index.php\/wp-json\/wp\/v2\/pages\/14\/revisions\/3126"}],"wp:attachment":[{"href":"https:\/\/www.mamauxpirates.com\/index.php\/wp-json\/wp\/v2\/media?parent=14"}],"curies":[{"name":"wp","href":"https:\/\/api.w.org\/{rel}","templated":true}]}}